{"id":2265,"date":"2015-12-16T16:29:14","date_gmt":"2015-12-16T15:29:14","guid":{"rendered":"https:\/\/programmeoctave.com\/mentions-legales\/?lang=en"},"modified":"2016-01-26T12:08:48","modified_gmt":"2016-01-26T11:08:48","slug":"legal-mentions","status":"publish","type":"page","link":"https:\/\/programmeoctave.com\/en\/legal-mentions\/","title":{"rendered":"Legal mentions"},"content":{"rendered":"[vc_row inner_container=&#8221;true&#8221; no_margin=&#8221;true&#8221; padding_top=&#8221;0px&#8221; padding_bottom=&#8221;0px&#8221; bg_video=&#8221;&#8221; class=&#8221;&#8221; style=&#8221;&#8221;][vc_column fade_animation_offset=&#8221;45px&#8221; width=&#8221;1\/1&#8243;]<h2>Mentions l\u00e9gales<\/h2>\n<p>Internet permet \u00e0 DANONE de vous parler de fa\u00e7on de plus en plus personnalis\u00e9e et adapt\u00e9e tout en respectant les valeurs d&#8217;enthousiasme et de tol\u00e9rance de la soci\u00e9t\u00e9. La pr\u00e9sente charte vous pr\u00e9sente les engagements de DANONE sur Internet ainsi que les informations l\u00e9gales concernant le site que vous visitez actuellement. En naviguant sur ce site, vous \u00eates pr\u00e9sum\u00e9, en votre qualit\u00e9 d&#8217;utilisateur, conna\u00eetre les conditions d&#8217;usage figurant ci-apr\u00e8s et les conditions sp\u00e9cifiques relatives \u00e0 certains services de ce site et en accepter les termes. \u00a0<\/p>\n<p>&nbsp;<\/p>\n<p><strong>1. INFORMATIONS L\u00c9GALES<\/strong><\/p>\n<p>Le site<a href=\"https:\/\/programmeoctave.com\/fr\/\"> www.programmeoctave.com\/fr\/\u00a0<\/a>que vous consultez actuellement est la propri\u00e9t\u00e9 de : DANONE <br \/>Copyright : \u00a9 Danone &#8211; 2016 <br \/>Ce site est d\u00e9clar\u00e9 \u00e0 la CNIL et porte le num\u00e9ro d&#8217;autorisation : 1436843<\/p>\n<p>D\u00e9nomination sociale et forme juridique : <br \/>DANONE <br \/>Soci\u00e9t\u00e9 Anonyme<\/p>\n<p>Adresse du si\u00e8ge social : <br \/>17, boulevard Haussmann &#8211; 75009 Paris<\/p>\n<p>Num\u00e9ro et ville du Registre de Commerce et des Soci\u00e9t\u00e9s : <br \/>552 032 534 RCS PARIS<\/p>\n<p>Num\u00e9ro unique d&#8217;Identification (num\u00e9ro SIREN) &#8211; Art.123\/235 Code de Commerce : <br \/>552 032 534 00646<\/p>\n<p>Num\u00e9ro Individuel d&#8217;Identification \u00e0 la TVA : <br \/>FR 27 552 032 534<\/p>\n<p>Capital social : <br \/>161 980 460 Euros<\/p>\n<p>Contact : <br \/>Vous pouvez contacter Anne Thevenet-Abitbol &#8211; 01 44 35 20 58<\/p>\n<p>Directeur de la Publication : <br \/>Anne Thevenet-Abitbol, Directeur Prospective et Nouveaux Concepts \u00a0<\/p>\n<p>&nbsp;<\/p>\n<p><strong>2. CREDITS<\/strong><\/p>\n<p>Ce site a \u00e9t\u00e9 cr\u00e9\u00e9 par : <br \/>&#8211; D\u00e9veloppement &#8211; <a href=\"http:\/\/bargeo.fr\/\" target=\"_blank\">Bargeo Cr\u00e9ation<\/a> 224 rue du Jardin Public, 33300 Bordeaux &#8211; 0627777355<\/p>\n<p>Il est h\u00e9berg\u00e9 par : <br \/><a href=\"http:\/\/bargeo.fr\/\" target=\"_blank\">Bargeo Cr\u00e9ation<\/a><\/p>\n<p>Les visuels utilis\u00e9s sur ce site proviennent des banques d&#8217;images suivantes :<br \/> &#8211; PhotoProEvent<\/p>\n<p>&nbsp;<\/p>\n<p><strong>3. DONN\u00c9ES PERSONNELLES<\/strong><\/p>\n<p>Pour vous offrir des services adapt\u00e9s, nous pouvons \u00eatre amen\u00e9s \u00e0 vous demander de nous fournir des donn\u00e9es personnelles. En fonction des services auxquels vous souscrivez, il vous sera demand\u00e9 de fournir des informations, certaines obligatoires et d&#8217;autres facultatives. <br \/>DANONE s&#8217;engage \u00e0 respecter votre vie priv\u00e9e et \u00e0 prot\u00e9ger les informations que vous lui communiquez. En particulier, les donn\u00e9es personnelles collect\u00e9es sur les sites Internet de DANONE sont principalement destin\u00e9es \u00e0 l&#8217;usage de la soci\u00e9t\u00e9 DANONE et de ses filiales.<\/p>\n<p>DANONE ne collecte strictement aucune information bancaire. Les \u00e9changes concernant ces informations sont r\u00e9alis\u00e9s par les partenaires (banques et soci\u00e9t\u00e9s g\u00e9rant nos boutiques) choisis par DANONE pour le paiement en ligne. Ces partenaires s&#8217;engagent \u00e0 respecter toutes les contraintes l\u00e9gales de s\u00e9curit\u00e9 et d&#8217;\u00e9thique, en particulier le cryptage des informations sensibles. <br \/>Conform\u00e9ment \u00e0 la loi Informatique et Libert\u00e9s du 6 Janvier 1978, vous disposez d&#8217;un droit d&#8217;acc\u00e8s, de rectification, de modification et de suppression des donn\u00e9es personnelles que vous nous avez communiqu\u00e9es. Vous pouvez exercer ce droit en envoyant un courrier \u00e0 : Programme Octave\u00a0&#8211; 15, rue du Helder &#8211; 75439 Paris Cedex 09.<\/p>\n<p>Si vous \u00eates abonn\u00e9s \u00e0 des services d&#8217;information par courrier \u00e9lectronique (&#8220;newsletter&#8221;), vous pouvez demander \u00e0 ne plus recevoir ces courriers soit comme indiqu\u00e9 ci-dessus, soit en suivant les instructions figurant en fin de chacun de ces courriers, lorsque vous les recevez.<\/p>\n<p>&nbsp;<\/p>\n<p><strong>4. COOKIES<\/strong><\/p>\n<p>Le site <a href=\"https:\/\/programmeoctave.com\/fr\/\" target=\"_blank\">www.programmeoctave.com\/fr\/<\/a>\u00a0utilise des cookies. Ces fichiers stock\u00e9s sur votre ordinateur nous servent \u00e0 faciliter votre acc\u00e8s aux services que nous proposons. Les cookies du site ne contiennent pas de donn\u00e9es permettant de vous identifier personnellement, et ils sont con\u00e7us pour \u00eatre utilis\u00e9s uniquement par DANONE. Nous vous informons que vous pouvez vous opposer \u00e0 l&#8217;enregistrement de ces &#8220;cookies&#8221; en configurant votre ordinateur selon les modalit\u00e9s d\u00e9taill\u00e9es sur le site <a href=\"http:\/\/www.cnil.fr\/\" target=\"_blank\">http:\/\/www.cnil.fr<\/a>. \u00a0<\/p>\n<p>&nbsp;<\/p>\n<p><strong>5. LIENS VERS D&#8217;AUTRES SITES<\/strong><\/p>\n<p>DANONE propose sur son site <a href=\"https:\/\/programmeoctave.com\/fr\/\" target=\"_blank\">www.programmeoctave.com\/fr<\/a>\u00a0des liens vers des sites tiers. Ces liens sont \u00e9tablis en accord avec les sites concern\u00e9s \u00e0 un moment o\u00f9 DANONE a pu juger opportun de le faire, compte tenu des contenus et services de ces sites.<\/p>\n<p>DANONE ne pourra \u00eatre tenu responsable du contenu de ces sites et de l&#8217;usage qui pourra en \u00eatre fait par les utilisateurs. \u00a0<\/p>\n<p>&nbsp;<\/p>\n<p><strong>6. PROPRI\u00c9T\u00c9 INTELLECTUELLE<\/strong><\/p>\n<p>L&#8217;acc\u00e8s au site <a href=\"https:\/\/programmeoctave.com\/fr\/\" target=\"_blank\">www.programmeoctave.com\/fr<\/a>\u00a0vous conf\u00e8re un droit d&#8217;usage priv\u00e9 et non exclusif de ce site.<\/p>\n<p>Tous les articles, photographies et autres documents sur ce site sont la propri\u00e9t\u00e9 de DANONE, ou sont reproduits avec l&#8217;autorisation de leurs propri\u00e9taires, et sont soumis au droit d&#8217;auteur et autres droits de propri\u00e9t\u00e9 intellectuelle.<\/p>\n<p>Les marques de commerce, logos, personnages (d\u00e9sign\u00e9s ensemble \u00ab Marque \u00bb) pr\u00e9sents sur ce site Internet appartiennent \u00e0 DANONE. Aucune interpr\u00e9tation ne peut \u00eatre faite en faveur d&#8217;une licence d&#8217;utilisation ou d&#8217;un quelconque droit d&#8217;utiliser la Marque affich\u00e9e sur le site Internet.<\/p>\n<p>L&#8217;utilisation frauduleuse de la Marque ou de tout autre contenu du site Internet est totalement interdite. Le Groupe Danone vous informe qu&#8217;il usera largement de ses droits de propri\u00e9t\u00e9 intellectuelle pour engager des poursuites, m\u00eames p\u00e9nales, si n\u00e9cessaires. \u00a0<\/p>\n<p>&nbsp;<\/p>\n<p><strong>7. INDISPONIBILIT\u00c9 DU SITE www.programmeoctave.com\/fr<\/strong><\/p>\n<p>DANONE s&#8217;engage \u00e0 faire ses meilleurs efforts pour assurer aux utilisateurs une accessibilit\u00e9 du site \u00e0 tout moment. DANONE ne pourra \u00eatre tenu responsable, en cas d&#8217;indisponibilit\u00e9 du site, pour quelque cause que ce soit.<\/p>\n[\/vc_column][\/vc_row]\n","protected":false},"excerpt":{"rendered":"<p>[vc_row inner_container=&#8221;true&#8221; no_margin=&#8221;true&#8221; padding_top=&#8221;0px&#8221; padding_bottom=&#8221;0px&#8221; bg_video=&#8221;&#8221; class=&#8221;&#8221; style=&#8221;&#8221;][vc_column fade_animation_offset=&#8221;45px&#8221; width=&#8221;1\/1&#8243;][\/vc_column][\/vc_row]<\/p>\n","protected":false},"author":1,"featured_media":0,"parent":0,"menu_order":0,"comment_status":"closed","ping_status":"closed","template":"template-blank-4.php","meta":[],"yoast_head":"<!-- This site is optimized with the Yoast SEO plugin v17.8 - https:\/\/yoast.com\/wordpress\/plugins\/seo\/ -->\n<title>Legal mentions - Octave<\/title>\n<meta name=\"robots\" content=\"index, follow, max-snippet:-1, max-image-preview:large, max-video-preview:-1\" \/>\n<link rel=\"canonical\" href=\"https:\/\/programmeoctave.com\/en\/legal-mentions\/\" \/>\n<meta property=\"og:locale\" content=\"en_US\" \/>\n<meta property=\"og:type\" content=\"article\" \/>\n<meta property=\"og:title\" content=\"Legal mentions - Octave\" \/>\n<meta property=\"og:description\" content=\"[vc_row inner_container=&#8221;true&#8221; no_margin=&#8221;true&#8221; padding_top=&#8221;0px&#8221; padding_bottom=&#8221;0px&#8221; bg_video=&#8221;&#8221; class=&#8221;&#8221; style=&#8221;&#8221;][vc_column fade_animation_offset=&#8221;45px&#8221; width=&#8221;1\/1&#8243;][\/vc_column][\/vc_row]\" \/>\n<meta property=\"og:url\" content=\"https:\/\/programmeoctave.com\/en\/legal-mentions\/\" \/>\n<meta property=\"og:site_name\" content=\"Octave\" \/>\n<meta property=\"article:modified_time\" content=\"2016-01-26T11:08:48+00:00\" \/>\n<meta name=\"twitter:card\" content=\"summary_large_image\" \/>\n<meta name=\"twitter:site\" content=\"@ProgrammeOCTAVE\" \/>\n<meta name=\"twitter:label1\" content=\"Est. reading time\" \/>\n\t<meta name=\"twitter:data1\" content=\"4 minutes\" \/>\n<script type=\"application\/ld+json\" class=\"yoast-schema-graph\">{\"@context\":\"https:\/\/schema.org\",\"@graph\":[{\"@type\":\"WebSite\",\"@id\":\"https:\/\/programmeoctave.com\/en\/#website\",\"url\":\"https:\/\/programmeoctave.com\/en\/\",\"name\":\"Octave\",\"description\":\"Be yourself and be part of a changing world\",\"potentialAction\":[{\"@type\":\"SearchAction\",\"target\":{\"@type\":\"EntryPoint\",\"urlTemplate\":\"https:\/\/programmeoctave.com\/en\/?s={search_term_string}\"},\"query-input\":\"required name=search_term_string\"}],\"inLanguage\":\"en-US\"},{\"@type\":\"WebPage\",\"@id\":\"https:\/\/programmeoctave.com\/en\/legal-mentions\/#webpage\",\"url\":\"https:\/\/programmeoctave.com\/en\/legal-mentions\/\",\"name\":\"Legal mentions - Octave\",\"isPartOf\":{\"@id\":\"https:\/\/programmeoctave.com\/en\/#website\"},\"datePublished\":\"2015-12-16T15:29:14+00:00\",\"dateModified\":\"2016-01-26T11:08:48+00:00\",\"breadcrumb\":{\"@id\":\"https:\/\/programmeoctave.com\/en\/legal-mentions\/#breadcrumb\"},\"inLanguage\":\"en-US\",\"potentialAction\":[{\"@type\":\"ReadAction\",\"target\":[\"https:\/\/programmeoctave.com\/en\/legal-mentions\/\"]}]},{\"@type\":\"BreadcrumbList\",\"@id\":\"https:\/\/programmeoctave.com\/en\/legal-mentions\/#breadcrumb\",\"itemListElement\":[{\"@type\":\"ListItem\",\"position\":1,\"name\":\"Accueil\",\"item\":\"https:\/\/programmeoctave.com\/en\/\"},{\"@type\":\"ListItem\",\"position\":2,\"name\":\"Legal mentions\"}]}]}<\/script>\n<!-- \/ Yoast SEO plugin. -->","yoast_head_json":{"title":"Legal mentions - Octave","robots":{"index":"index","follow":"follow","max-snippet":"max-snippet:-1","max-image-preview":"max-image-preview:large","max-video-preview":"max-video-preview:-1"},"canonical":"https:\/\/programmeoctave.com\/en\/legal-mentions\/","og_locale":"en_US","og_type":"article","og_title":"Legal mentions - Octave","og_description":"[vc_row inner_container=&#8221;true&#8221; no_margin=&#8221;true&#8221; padding_top=&#8221;0px&#8221; padding_bottom=&#8221;0px&#8221; bg_video=&#8221;&#8221; class=&#8221;&#8221; style=&#8221;&#8221;][vc_column fade_animation_offset=&#8221;45px&#8221; width=&#8221;1\/1&#8243;][\/vc_column][\/vc_row]","og_url":"https:\/\/programmeoctave.com\/en\/legal-mentions\/","og_site_name":"Octave","article_modified_time":"2016-01-26T11:08:48+00:00","twitter_card":"summary_large_image","twitter_site":"@ProgrammeOCTAVE","twitter_misc":{"Est. reading time":"4 minutes"},"schema":{"@context":"https:\/\/schema.org","@graph":[{"@type":"WebSite","@id":"https:\/\/programmeoctave.com\/en\/#website","url":"https:\/\/programmeoctave.com\/en\/","name":"Octave","description":"Be yourself and be part of a changing world","potentialAction":[{"@type":"SearchAction","target":{"@type":"EntryPoint","urlTemplate":"https:\/\/programmeoctave.com\/en\/?s={search_term_string}"},"query-input":"required name=search_term_string"}],"inLanguage":"en-US"},{"@type":"WebPage","@id":"https:\/\/programmeoctave.com\/en\/legal-mentions\/#webpage","url":"https:\/\/programmeoctave.com\/en\/legal-mentions\/","name":"Legal mentions - Octave","isPartOf":{"@id":"https:\/\/programmeoctave.com\/en\/#website"},"datePublished":"2015-12-16T15:29:14+00:00","dateModified":"2016-01-26T11:08:48+00:00","breadcrumb":{"@id":"https:\/\/programmeoctave.com\/en\/legal-mentions\/#breadcrumb"},"inLanguage":"en-US","potentialAction":[{"@type":"ReadAction","target":["https:\/\/programmeoctave.com\/en\/legal-mentions\/"]}]},{"@type":"BreadcrumbList","@id":"https:\/\/programmeoctave.com\/en\/legal-mentions\/#breadcrumb","itemListElement":[{"@type":"ListItem","position":1,"name":"Accueil","item":"https:\/\/programmeoctave.com\/en\/"},{"@type":"ListItem","position":2,"name":"Legal mentions"}]}]}},"_links":{"self":[{"href":"https:\/\/programmeoctave.com\/en\/wp-json\/wp\/v2\/pages\/2265"}],"collection":[{"href":"https:\/\/programmeoctave.com\/en\/wp-json\/wp\/v2\/pages"}],"about":[{"href":"https:\/\/programmeoctave.com\/en\/wp-json\/wp\/v2\/types\/page"}],"author":[{"embeddable":true,"href":"https:\/\/programmeoctave.com\/en\/wp-json\/wp\/v2\/users\/1"}],"replies":[{"embeddable":true,"href":"https:\/\/programmeoctave.com\/en\/wp-json\/wp\/v2\/comments?post=2265"}],"version-history":[{"count":3,"href":"https:\/\/programmeoctave.com\/en\/wp-json\/wp\/v2\/pages\/2265\/revisions"}],"predecessor-version":[{"id":2341,"href":"https:\/\/programmeoctave.com\/en\/wp-json\/wp\/v2\/pages\/2265\/revisions\/2341"}],"wp:attachment":[{"href":"https:\/\/programmeoctave.com\/en\/wp-json\/wp\/v2\/media?parent=2265"}],"curies":[{"name":"wp","href":"https:\/\/api.w.org\/{rel}","templated":true}]}}