{"id":2248,"date":"2015-12-10T19:29:05","date_gmt":"2015-12-10T18:29:05","guid":{"rendered":"https:\/\/programmeoctave.com\/les-entreprises-partenaires\/?lang=en"},"modified":"2022-01-10T11:54:51","modified_gmt":"2022-01-10T10:54:51","slug":"partners","status":"publish","type":"page","link":"https:\/\/programmeoctave.com\/en\/partners\/","title":{"rendered":"Partners"},"content":{"rendered":"[vc_row padding_top=&#8221;0px&#8221; padding_bottom=&#8221;0px&#8221;][vc_column fade_animation_offset=&#8221;45px&#8221; width=&#8221;1\/1&#8243;]<h1  class=\"h-custom-headline center-text h1\" ><span>THE PARTNERS<\/span><\/h1>[\/vc_column][\/vc_row][vc_row inner_container=&#8221;true&#8221; padding_top=&#8221;0px&#8221; padding_bottom=&#8221;0px&#8221; bg_video=&#8221;&#8221; class=&#8221;&#8221; style=&#8221;&#8221;][vc_column fade_animation_offset=&#8221;45px&#8221; width=&#8221;1\/1&#8243;][vc_row_inner inner_container=&#8221;true&#8221; padding_top=&#8221;0px&#8221; padding_bottom=&#8221;0px&#8221; bg_video=&#8221;&#8221; class=&#8221;&#8221; style=&#8221;&#8221;][vc_column_inner fade_animation_offset=&#8221;45px&#8221; width=&#8221;1\/1&#8243;]<p style=\"text-align: justify;\">The Octave Program is\u00a0<b>an original idea by Danone<\/b>, with the support of ENGIE, Orange, Soci\u00e9t\u00e9 G\u00e9n\u00e9rale, L&#8217;Or\u00e9al and any company affected by the issue and open to the approach.<\/p>\n<p style=\"text-align: justify;\">The partners of the Octave Program all share the same intention of using each generation\u2019s maximum potential in order to promote varied and broad-reaching collective intelligence. Each partner company sends 10, 20 or 30 participants, building up a ready-made network of people who are able to support and to bring change once they return to the company.<\/p>\n<p style=\"text-align: justify;\">The Octave Program offers plenty of benefits to the companies :<\/p>\n<ul>\n<li style=\"text-align: justify;\">Companies that perform better, that plan ahead and anticipate the necessary companies adaptations.<\/li>\n<li style=\"text-align: justify;\">An organizational and human impact: more committed or re-motivated people who are willing to take action, transgenerational networks (e-mentoring and reverse mentoring), better understanding of the digital revolution and how it can be applied , optimizing the ability to work together<\/li>\n<li style=\"text-align: justify;\">Be recognized externally and internally as a responsible, attractive company that stands out from the rest<\/li>\n<li style=\"text-align: justify;\">Cross-pollinate the generations, promote varied and diverse collective intelligence<\/li>\n<\/ul>\n<p>If you would like to become an official partner of the Octave Program, please contact us by email: <a href=\"mailto:programme.octave@danone.com\" target=\"_blank\" rel=\"noopener noreferrer\">programme.octave@danone.com<\/a><\/p>\n[\/vc_column_inner][\/vc_row_inner][\/vc_column][\/vc_row][vc_row no_margin=&#8221;true&#8221; padding_top=&#8221;0px&#8221; padding_bottom=&#8221;0px&#8221; bg_video=&#8221;&#8221; class=&#8221;&#8221; style=&#8221;&#8221;][vc_column fade_animation_offset=&#8221;45px&#8221; width=&#8221;1\/1&#8243; id=&#8221;engagements&#8221; class=&#8221;&#8221; style=&#8221;&#8221;]<h1  class=\"h-custom-headline man center-text h1\" ><span>The commitments<\/span><\/h1>[\/vc_column][\/vc_row][vc_row inner_container=&#8221;true&#8221; no_margin=&#8221;true&#8221; padding_top=&#8221;0px&#8221; padding_bottom=&#8221;0px&#8221; bg_video=&#8221;&#8221; class=&#8221;black&#8221; style=&#8221;&#8221;][vc_column fade_animation_offset=&#8221;45px&#8221; width=&#8221;1\/6&#8243;]<hr  class=\"x-gap\" style=\"margin: 1.313em 0 0 0;\">[\/vc_column][vc_column fade_animation_offset=&#8221;45px&#8221; width=&#8221;2\/3&#8243; id=&#8221;&#8221; class=&#8221;&#8221; style=&#8221;&#8221;][vc_basic_grid post_type=&#8221;member&#8221; max_items=&#8221;10&#8243; gap=&#8221;10&#8243; item=&#8221;875&#8243; grid_id=&#8221;vc_gid:1641812076103-34d4b5a8-4768-1&#8243; el_class=&#8221;Engagement&#8221; taxonomies=&#8221;45&#8243; css=&#8221;.vc_custom_1453394659288{margin-right: 100px !important;margin-left: 100px !important;}&#8221;][\/vc_column][vc_column fade_animation_offset=&#8221;45px&#8221; width=&#8221;1\/6&#8243;][\/vc_column][\/vc_row][vc_row no_margin=&#8221;true&#8221; padding_top=&#8221;0px&#8221; padding_bottom=&#8221;0px&#8221; bg_video=&#8221;&#8221; class=&#8221;black&#8221; style=&#8221;&#8221;][vc_column fade_animation_offset=&#8221;45px&#8221; width=&#8221;1\/1&#8243; id=&#8221;comite&#8221; class=&#8221;&#8221; style=&#8221;&#8221;]<h1  class=\"h-custom-headline center-text h1\" ><span>\n<p>Wise Committee<\/p>\n<\/span><\/h1>[\/vc_column][\/vc_row][vc_row inner_container=&#8221;true&#8221; padding_top=&#8221;0px&#8221; padding_bottom=&#8221;0px&#8221; bg_video=&#8221;&#8221; class=&#8221;black&#8221; style=&#8221;&#8221;][vc_column fade_animation_offset=&#8221;45px&#8221; width=&#8221;1\/1&#8243;][vc_row_inner inner_container=&#8221;true&#8221; padding_top=&#8221;0px&#8221; padding_bottom=&#8221;0px&#8221; bg_video=&#8221;&#8221; class=&#8221;&#8221; style=&#8221;&#8221;][vc_column_inner fade_animation_offset=&#8221;45px&#8221; width=&#8221;1\/1&#8243;]<p style=\"text-align: justify;\"><span style=\"color: #ffffff;\">The Wise Committee is made up of one representative from each partnering company. It is responsible for running the network of participants between the editions of the OCTAVE Program and organizes cross mentoring 2.0.<\/span><br \/>\n<span style=\"color: #ffffff;\">It aims to share and disseminate the best practices on intergenerational diversity, and the influence of new technologies on organizations.<\/span><\/p>\n[\/vc_column_inner][\/vc_row_inner][vc_row_inner padding_top=&#8221;0px&#8221; padding_bottom=&#8221;0px&#8221;][vc_column_inner fade_animation_offset=&#8221;45px&#8221; width=&#8221;1\/6&#8243;]<hr  class=\"x-gap\" style=\"margin: 1.313em 0 0 0;\">[\/vc_column_inner][vc_column_inner fade_animation_offset=&#8221;45px&#8221; width=&#8221;2\/3&#8243;][vc_basic_grid post_type=&#8221;member&#8221; max_items=&#8221;10&#8243; orderby=&#8221;title&#8221; order=&#8221;ASC&#8221; item=&#8221;275&#8243; grid_id=&#8221;vc_gid:1641812076106-57a17631-a86c-2&#8243; taxonomies=&#8221;17&#8243;]<hr  class=\"x-gap\" style=\"margin: 1.313em 0 0 0;\">[\/vc_column_inner][vc_column_inner fade_animation_offset=&#8221;45px&#8221; width=&#8221;1\/6&#8243;][\/vc_column_inner][\/vc_row_inner][\/vc_column][\/vc_row]\n","protected":false},"excerpt":{"rendered":"<p>[vc_row padding_top=&#8221;0px&#8221; padding_bottom=&#8221;0px&#8221;][vc_column fade_animation_offset=&#8221;45px&#8221; width=&#8221;1\/1&#8243;][\/vc_column][\/vc_row][vc_row inner_container=&#8221;true&#8221; padding_top=&#8221;0px&#8221; padding_bottom=&#8221;0px&#8221; bg_video=&#8221;&#8221; class=&#8221;&#8221; style=&#8221;&#8221;][vc_column fade_animation_offset=&#8221;45px&#8221; width=&#8221;1\/1&#8243;][vc_row_inner inner_container=&#8221;true&#8221; padding_top=&#8221;0px&#8221; padding_bottom=&#8221;0px&#8221; bg_video=&#8221;&#8221; class=&#8221;&#8221; style=&#8221;&#8221;][vc_column_inner fade_animation_offset=&#8221;45px&#8221; width=&#8221;1\/1&#8243;][\/vc_column_inner][\/vc_row_inner][\/vc_column][\/vc_row][vc_row no_margin=&#8221;true&#8221; padding_top=&#8221;0px&#8221; padding_bottom=&#8221;0px&#8221; bg_video=&#8221;&#8221; class=&#8221;&#8221; style=&#8221;&#8221;][vc_column fade_animation_offset=&#8221;45px&#8221; width=&#8221;1\/1&#8243; id=&#8221;engagements&#8221; &#8230; <\/p>\n<div><a href=\"https:\/\/programmeoctave.com\/en\/partners\/\" class=\"more-link\">Read More<\/a><\/div>\n","protected":false},"author":1,"featured_media":0,"parent":0,"menu_order":0,"comment_status":"closed","ping_status":"closed","template":"template-blank-4.php","meta":[],"yoast_head":"<!-- This site is optimized with the Yoast SEO plugin v17.8 - https:\/\/yoast.com\/wordpress\/plugins\/seo\/ -->\n<title>Partners - Octave<\/title>\n<meta name=\"robots\" content=\"index, follow, max-snippet:-1, max-image-preview:large, max-video-preview:-1\" \/>\n<link rel=\"canonical\" href=\"https:\/\/programmeoctave.com\/en\/partners\/\" \/>\n<meta property=\"og:locale\" content=\"en_US\" \/>\n<meta property=\"og:type\" content=\"article\" \/>\n<meta property=\"og:title\" content=\"Partners - Octave\" \/>\n<meta property=\"og:description\" content=\"[vc_row padding_top=&#8221;0px&#8221; padding_bottom=&#8221;0px&#8221;][vc_column fade_animation_offset=&#8221;45px&#8221; width=&#8221;1\/1&#8243;][\/vc_column][\/vc_row][vc_row inner_container=&#8221;true&#8221; padding_top=&#8221;0px&#8221; padding_bottom=&#8221;0px&#8221; bg_video=&#8221;&#8221; class=&#8221;&#8221; style=&#8221;&#8221;][vc_column fade_animation_offset=&#8221;45px&#8221; width=&#8221;1\/1&#8243;][vc_row_inner inner_container=&#8221;true&#8221; padding_top=&#8221;0px&#8221; padding_bottom=&#8221;0px&#8221; bg_video=&#8221;&#8221; class=&#8221;&#8221; style=&#8221;&#8221;][vc_column_inner fade_animation_offset=&#8221;45px&#8221; width=&#8221;1\/1&#8243;][\/vc_column_inner][\/vc_row_inner][\/vc_column][\/vc_row][vc_row no_margin=&#8221;true&#8221; padding_top=&#8221;0px&#8221; padding_bottom=&#8221;0px&#8221; bg_video=&#8221;&#8221; class=&#8221;&#8221; style=&#8221;&#8221;][vc_column fade_animation_offset=&#8221;45px&#8221; width=&#8221;1\/1&#8243; id=&#8221;engagements&#8221; ... Read More\" \/>\n<meta property=\"og:url\" content=\"https:\/\/programmeoctave.com\/en\/partners\/\" \/>\n<meta property=\"og:site_name\" content=\"Octave\" \/>\n<meta property=\"article:modified_time\" content=\"2022-01-10T10:54:51+00:00\" \/>\n<meta name=\"twitter:card\" content=\"summary_large_image\" \/>\n<meta name=\"twitter:site\" content=\"@ProgrammeOCTAVE\" \/>\n<meta name=\"twitter:label1\" content=\"Est. reading time\" \/>\n\t<meta name=\"twitter:data1\" content=\"3 minutes\" \/>\n<script type=\"application\/ld+json\" class=\"yoast-schema-graph\">{\"@context\":\"https:\/\/schema.org\",\"@graph\":[{\"@type\":\"WebSite\",\"@id\":\"https:\/\/programmeoctave.com\/en\/#website\",\"url\":\"https:\/\/programmeoctave.com\/en\/\",\"name\":\"Octave\",\"description\":\"Be yourself and be part of a changing world\",\"potentialAction\":[{\"@type\":\"SearchAction\",\"target\":{\"@type\":\"EntryPoint\",\"urlTemplate\":\"https:\/\/programmeoctave.com\/en\/?s={search_term_string}\"},\"query-input\":\"required name=search_term_string\"}],\"inLanguage\":\"en-US\"},{\"@type\":\"WebPage\",\"@id\":\"https:\/\/programmeoctave.com\/en\/partners\/#webpage\",\"url\":\"https:\/\/programmeoctave.com\/en\/partners\/\",\"name\":\"Partners - Octave\",\"isPartOf\":{\"@id\":\"https:\/\/programmeoctave.com\/en\/#website\"},\"datePublished\":\"2015-12-10T18:29:05+00:00\",\"dateModified\":\"2022-01-10T10:54:51+00:00\",\"breadcrumb\":{\"@id\":\"https:\/\/programmeoctave.com\/en\/partners\/#breadcrumb\"},\"inLanguage\":\"en-US\",\"potentialAction\":[{\"@type\":\"ReadAction\",\"target\":[\"https:\/\/programmeoctave.com\/en\/partners\/\"]}]},{\"@type\":\"BreadcrumbList\",\"@id\":\"https:\/\/programmeoctave.com\/en\/partners\/#breadcrumb\",\"itemListElement\":[{\"@type\":\"ListItem\",\"position\":1,\"name\":\"Accueil\",\"item\":\"https:\/\/programmeoctave.com\/en\/\"},{\"@type\":\"ListItem\",\"position\":2,\"name\":\"Partners\"}]}]}<\/script>\n<!-- \/ Yoast SEO plugin. -->","yoast_head_json":{"title":"Partners - Octave","robots":{"index":"index","follow":"follow","max-snippet":"max-snippet:-1","max-image-preview":"max-image-preview:large","max-video-preview":"max-video-preview:-1"},"canonical":"https:\/\/programmeoctave.com\/en\/partners\/","og_locale":"en_US","og_type":"article","og_title":"Partners - Octave","og_description":"[vc_row padding_top=&#8221;0px&#8221; padding_bottom=&#8221;0px&#8221;][vc_column fade_animation_offset=&#8221;45px&#8221; width=&#8221;1\/1&#8243;][\/vc_column][\/vc_row][vc_row inner_container=&#8221;true&#8221; padding_top=&#8221;0px&#8221; padding_bottom=&#8221;0px&#8221; bg_video=&#8221;&#8221; class=&#8221;&#8221; style=&#8221;&#8221;][vc_column fade_animation_offset=&#8221;45px&#8221; width=&#8221;1\/1&#8243;][vc_row_inner inner_container=&#8221;true&#8221; padding_top=&#8221;0px&#8221; padding_bottom=&#8221;0px&#8221; bg_video=&#8221;&#8221; class=&#8221;&#8221; style=&#8221;&#8221;][vc_column_inner fade_animation_offset=&#8221;45px&#8221; width=&#8221;1\/1&#8243;][\/vc_column_inner][\/vc_row_inner][\/vc_column][\/vc_row][vc_row no_margin=&#8221;true&#8221; padding_top=&#8221;0px&#8221; padding_bottom=&#8221;0px&#8221; bg_video=&#8221;&#8221; class=&#8221;&#8221; style=&#8221;&#8221;][vc_column fade_animation_offset=&#8221;45px&#8221; width=&#8221;1\/1&#8243; id=&#8221;engagements&#8221; ... Read More","og_url":"https:\/\/programmeoctave.com\/en\/partners\/","og_site_name":"Octave","article_modified_time":"2022-01-10T10:54:51+00:00","twitter_card":"summary_large_image","twitter_site":"@ProgrammeOCTAVE","twitter_misc":{"Est. reading time":"3 minutes"},"schema":{"@context":"https:\/\/schema.org","@graph":[{"@type":"WebSite","@id":"https:\/\/programmeoctave.com\/en\/#website","url":"https:\/\/programmeoctave.com\/en\/","name":"Octave","description":"Be yourself and be part of a changing world","potentialAction":[{"@type":"SearchAction","target":{"@type":"EntryPoint","urlTemplate":"https:\/\/programmeoctave.com\/en\/?s={search_term_string}"},"query-input":"required name=search_term_string"}],"inLanguage":"en-US"},{"@type":"WebPage","@id":"https:\/\/programmeoctave.com\/en\/partners\/#webpage","url":"https:\/\/programmeoctave.com\/en\/partners\/","name":"Partners - Octave","isPartOf":{"@id":"https:\/\/programmeoctave.com\/en\/#website"},"datePublished":"2015-12-10T18:29:05+00:00","dateModified":"2022-01-10T10:54:51+00:00","breadcrumb":{"@id":"https:\/\/programmeoctave.com\/en\/partners\/#breadcrumb"},"inLanguage":"en-US","potentialAction":[{"@type":"ReadAction","target":["https:\/\/programmeoctave.com\/en\/partners\/"]}]},{"@type":"BreadcrumbList","@id":"https:\/\/programmeoctave.com\/en\/partners\/#breadcrumb","itemListElement":[{"@type":"ListItem","position":1,"name":"Accueil","item":"https:\/\/programmeoctave.com\/en\/"},{"@type":"ListItem","position":2,"name":"Partners"}]}]}},"_links":{"self":[{"href":"https:\/\/programmeoctave.com\/en\/wp-json\/wp\/v2\/pages\/2248"}],"collection":[{"href":"https:\/\/programmeoctave.com\/en\/wp-json\/wp\/v2\/pages"}],"about":[{"href":"https:\/\/programmeoctave.com\/en\/wp-json\/wp\/v2\/types\/page"}],"author":[{"embeddable":true,"href":"https:\/\/programmeoctave.com\/en\/wp-json\/wp\/v2\/users\/1"}],"replies":[{"embeddable":true,"href":"https:\/\/programmeoctave.com\/en\/wp-json\/wp\/v2\/comments?post=2248"}],"version-history":[{"count":27,"href":"https:\/\/programmeoctave.com\/en\/wp-json\/wp\/v2\/pages\/2248\/revisions"}],"predecessor-version":[{"id":11923,"href":"https:\/\/programmeoctave.com\/en\/wp-json\/wp\/v2\/pages\/2248\/revisions\/11923"}],"wp:attachment":[{"href":"https:\/\/programmeoctave.com\/en\/wp-json\/wp\/v2\/media?parent=2248"}],"curies":[{"name":"wp","href":"https:\/\/api.w.org\/{rel}","templated":true}]}}