{"id":2223,"date":"2016-01-04T10:47:35","date_gmt":"2016-01-04T09:47:35","guid":{"rendered":"https:\/\/programmeoctave.com\/comment-sinscrire\/?lang=en"},"modified":"2016-11-30T11:44:23","modified_gmt":"2016-11-30T10:44:23","slug":"how-to-register","status":"publish","type":"page","link":"https:\/\/programmeoctave.com\/en\/how-to-register\/","title":{"rendered":"How to register"},"content":{"rendered":"[vc_row padding_top=&#8221;0px&#8221; padding_bottom=&#8221;0px&#8221; bg_video=&#8221;&#8221; class=&#8221;&#8221; style=&#8221;&#8221;][vc_column fade_animation_offset=&#8221;45px&#8221; width=&#8221;1\/1&#8243; id=&#8221;&#8221; class=&#8221;bargeo_widget_menu&#8221; style=&#8221;&#8221;][vc_widget_sidebar sidebar_id=&#8221;ups-sidebar-sidebar-menu-home&#8221;][\/vc_column][\/vc_row][vc_row inner_container=&#8221;true&#8221; padding_top=&#8221;0px&#8221; padding_bottom=&#8221;0px&#8221; bg_video=&#8221;&#8221; class=&#8221;&#8221; style=&#8221;&#8221;][vc_column fade_animation_offset=&#8221;45px&#8221; width=&#8221;1\/1&#8243;][vc_row_inner inner_container=&#8221;true&#8221; padding_top=&#8221;0px&#8221; padding_bottom=&#8221;0px&#8221; bg_video=&#8221;&#8221; class=&#8221;&#8221; style=&#8221;&#8221;][vc_column_inner fade_animation_offset=&#8221;45px&#8221; width=&#8221;1\/1&#8243;]<h3 style=\"text-align: justify;\">HOW TO REGISTER<\/h3>\n<hr \/>\n<p style=\"text-align: justify;\"><strong>The 6th edition of the Octave Program will take place in Evian from March 21st to 23rd 2017.<\/strong><\/p>\n<p style=\"text-align: justify;\"><strong>If your company is a partner of the Octave Program<\/strong> : the Octave team will send you an email with all the details and the next steps to follow for your registration.<br \/>\nAs a reminder : the Program partners are : L\u2019Or\u00e9al, Orange, Soci\u00e9t\u00e9 G\u00e9n\u00e9rale, Airbus Group, BMS, Danone and Engie.<\/p>\n<p style=\"text-align: justify;\"><strong>If you are an individual or your company is not partnered :<\/strong>\u00a0<strong><a href=\"https:\/\/programmeoctave.com\/en\/registration\/\" target=\"_blank\">Click here<\/a><\/strong> to fill in your pre-registration form or send an <strong><a href=\"https:\/\/programmeoctave.com\/en\/team-members\/\" target=\"_blank\">email<\/a><\/strong> to the Octave team to require a new registration. They will contact you back as soon as possible, by providing your login and password in order to fill in your online registration form.<\/p>\n[\/vc_column_inner][\/vc_row_inner][\/vc_column][\/vc_row][vc_row no_margin=&#8221;true&#8221; padding_top=&#8221;0px&#8221; padding_bottom=&#8221;0px&#8221; border=&#8221;none&#8221; bg_color=&#8221;#000000&#8243; bg_video=&#8221;&#8221; class=&#8221;black&#8221; style=&#8221;&#8221;][vc_column fade_animation_offset=&#8221;45px&#8221; width=&#8221;1\/1&#8243;]<h4  class=\"h-custom-headline center-text\" ><span>And also&#8230;<\/span><\/h4><div  class=\"x-visibility x-hidden-desktop\" >[vc_basic_grid post_type=&#8221;ids&#8221; element_width=&#8221;3&#8243; gap=&#8221;0&#8243; item=&#8221;118&#8243; grid_id=&#8221;vc_gid:1480502599008-8d6d22b5-bc01-1&#8243; include=&#8221;2230, 2256, 2261, 2276, 2289, 2237&#8243; css=&#8221;.vc_custom_1455557771600{background-color: #000000 !important;}&#8221;]<\/div><div  class=\"x-visibility x-visible-desktop\" >[vc_basic_grid post_type=&#8221;ids&#8221; style=&#8221;pagination&#8221; items_per_page=&#8221;4&#8243; element_width=&#8221;3&#8243; gap=&#8221;0&#8243; arrows_design=&#8221;vc_arrow-icon-arrow_04_left&#8221; arrows_color=&#8221;grey&#8221; paging_design=&#8221;none&#8221; loop=&#8221;yes&#8221; item=&#8221;118&#8243; grid_id=&#8221;vc_gid:1480502599011-c2b3d73b-293b-2&#8243; include=&#8221;2230, 2256, 2261, 2276, 2289, 2237&#8243; css=&#8221;.vc_custom_1453917000750{background-color: #000000 !important;}&#8221;]<\/div>[\/vc_column][\/vc_row]\n","protected":false},"excerpt":{"rendered":"<p>[vc_row padding_top=&#8221;0px&#8221; padding_bottom=&#8221;0px&#8221; bg_video=&#8221;&#8221; class=&#8221;&#8221; style=&#8221;&#8221;][vc_column fade_animation_offset=&#8221;45px&#8221; width=&#8221;1\/1&#8243; id=&#8221;&#8221; class=&#8221;bargeo_widget_menu&#8221; style=&#8221;&#8221;][vc_widget_sidebar sidebar_id=&#8221;ups-sidebar-sidebar-menu-home&#8221;][\/vc_column][\/vc_row][vc_row inner_container=&#8221;true&#8221; padding_top=&#8221;0px&#8221; padding_bottom=&#8221;0px&#8221; bg_video=&#8221;&#8221; class=&#8221;&#8221; style=&#8221;&#8221;][vc_column fade_animation_offset=&#8221;45px&#8221; width=&#8221;1\/1&#8243;][vc_row_inner inner_container=&#8221;true&#8221; padding_top=&#8221;0px&#8221; padding_bottom=&#8221;0px&#8221; bg_video=&#8221;&#8221; class=&#8221;&#8221; style=&#8221;&#8221;][vc_column_inner fade_animation_offset=&#8221;45px&#8221; width=&#8221;1\/1&#8243;][\/vc_column_inner][\/vc_row_inner][\/vc_column][\/vc_row][vc_row no_margin=&#8221;true&#8221; padding_top=&#8221;0px&#8221; &#8230; <\/p>\n<div><a href=\"https:\/\/programmeoctave.com\/en\/how-to-register\/\" class=\"more-link\">Read More<\/a><\/div>\n","protected":false},"author":1,"featured_media":1888,"parent":0,"menu_order":0,"comment_status":"closed","ping_status":"closed","template":"template-blank-4.php","meta":[],"yoast_head":"<!-- This site is optimized with the Yoast SEO plugin v17.8 - https:\/\/yoast.com\/wordpress\/plugins\/seo\/ -->\n<title>How to register - Octave<\/title>\n<meta name=\"robots\" content=\"index, follow, max-snippet:-1, max-image-preview:large, max-video-preview:-1\" \/>\n<link rel=\"canonical\" href=\"https:\/\/programmeoctave.com\/en\/how-to-register\/\" \/>\n<meta property=\"og:locale\" content=\"en_US\" \/>\n<meta property=\"og:type\" content=\"article\" \/>\n<meta property=\"og:title\" content=\"How to register - Octave\" \/>\n<meta property=\"og:description\" content=\"[vc_row padding_top=&#8221;0px&#8221; padding_bottom=&#8221;0px&#8221; bg_video=&#8221;&#8221; class=&#8221;&#8221; style=&#8221;&#8221;][vc_column fade_animation_offset=&#8221;45px&#8221; width=&#8221;1\/1&#8243; id=&#8221;&#8221; class=&#8221;bargeo_widget_menu&#8221; style=&#8221;&#8221;][vc_widget_sidebar sidebar_id=&#8221;ups-sidebar-sidebar-menu-home&#8221;][\/vc_column][\/vc_row][vc_row inner_container=&#8221;true&#8221; padding_top=&#8221;0px&#8221; padding_bottom=&#8221;0px&#8221; bg_video=&#8221;&#8221; class=&#8221;&#8221; style=&#8221;&#8221;][vc_column fade_animation_offset=&#8221;45px&#8221; width=&#8221;1\/1&#8243;][vc_row_inner inner_container=&#8221;true&#8221; padding_top=&#8221;0px&#8221; padding_bottom=&#8221;0px&#8221; bg_video=&#8221;&#8221; class=&#8221;&#8221; style=&#8221;&#8221;][vc_column_inner fade_animation_offset=&#8221;45px&#8221; width=&#8221;1\/1&#8243;][\/vc_column_inner][\/vc_row_inner][\/vc_column][\/vc_row][vc_row no_margin=&#8221;true&#8221; padding_top=&#8221;0px&#8221; ... Read More\" \/>\n<meta property=\"og:url\" content=\"https:\/\/programmeoctave.com\/en\/how-to-register\/\" \/>\n<meta property=\"og:site_name\" content=\"Octave\" \/>\n<meta property=\"article:modified_time\" content=\"2016-11-30T10:44:23+00:00\" \/>\n<meta property=\"og:image\" content=\"https:\/\/programmeoctave.com\/wp-content\/uploads\/2016\/01\/comment-sinscrire.jpg\" \/>\n\t<meta property=\"og:image:width\" content=\"1575\" \/>\n\t<meta property=\"og:image:height\" content=\"316\" \/>\n<meta name=\"twitter:card\" content=\"summary_large_image\" \/>\n<meta name=\"twitter:site\" content=\"@ProgrammeOCTAVE\" \/>\n<meta name=\"twitter:label1\" content=\"Est. reading time\" \/>\n\t<meta name=\"twitter:data1\" content=\"2 minutes\" \/>\n<script type=\"application\/ld+json\" class=\"yoast-schema-graph\">{\"@context\":\"https:\/\/schema.org\",\"@graph\":[{\"@type\":\"WebSite\",\"@id\":\"https:\/\/programmeoctave.com\/en\/#website\",\"url\":\"https:\/\/programmeoctave.com\/en\/\",\"name\":\"Octave\",\"description\":\"Be yourself and be part of a changing world\",\"potentialAction\":[{\"@type\":\"SearchAction\",\"target\":{\"@type\":\"EntryPoint\",\"urlTemplate\":\"https:\/\/programmeoctave.com\/en\/?s={search_term_string}\"},\"query-input\":\"required name=search_term_string\"}],\"inLanguage\":\"en-US\"},{\"@type\":\"ImageObject\",\"@id\":\"https:\/\/programmeoctave.com\/en\/how-to-register\/#primaryimage\",\"inLanguage\":\"en-US\",\"url\":\"https:\/\/programmeoctave.com\/wp-content\/uploads\/2016\/01\/comment-sinscrire.jpg\",\"contentUrl\":\"https:\/\/programmeoctave.com\/wp-content\/uploads\/2016\/01\/comment-sinscrire.jpg\",\"width\":1575,\"height\":316},{\"@type\":\"WebPage\",\"@id\":\"https:\/\/programmeoctave.com\/en\/how-to-register\/#webpage\",\"url\":\"https:\/\/programmeoctave.com\/en\/how-to-register\/\",\"name\":\"How to register - Octave\",\"isPartOf\":{\"@id\":\"https:\/\/programmeoctave.com\/en\/#website\"},\"primaryImageOfPage\":{\"@id\":\"https:\/\/programmeoctave.com\/en\/how-to-register\/#primaryimage\"},\"datePublished\":\"2016-01-04T09:47:35+00:00\",\"dateModified\":\"2016-11-30T10:44:23+00:00\",\"breadcrumb\":{\"@id\":\"https:\/\/programmeoctave.com\/en\/how-to-register\/#breadcrumb\"},\"inLanguage\":\"en-US\",\"potentialAction\":[{\"@type\":\"ReadAction\",\"target\":[\"https:\/\/programmeoctave.com\/en\/how-to-register\/\"]}]},{\"@type\":\"BreadcrumbList\",\"@id\":\"https:\/\/programmeoctave.com\/en\/how-to-register\/#breadcrumb\",\"itemListElement\":[{\"@type\":\"ListItem\",\"position\":1,\"name\":\"Accueil\",\"item\":\"https:\/\/programmeoctave.com\/en\/\"},{\"@type\":\"ListItem\",\"position\":2,\"name\":\"How to register\"}]}]}<\/script>\n<!-- \/ Yoast SEO plugin. -->","yoast_head_json":{"title":"How to register - Octave","robots":{"index":"index","follow":"follow","max-snippet":"max-snippet:-1","max-image-preview":"max-image-preview:large","max-video-preview":"max-video-preview:-1"},"canonical":"https:\/\/programmeoctave.com\/en\/how-to-register\/","og_locale":"en_US","og_type":"article","og_title":"How to register - Octave","og_description":"[vc_row padding_top=&#8221;0px&#8221; padding_bottom=&#8221;0px&#8221; bg_video=&#8221;&#8221; class=&#8221;&#8221; style=&#8221;&#8221;][vc_column fade_animation_offset=&#8221;45px&#8221; width=&#8221;1\/1&#8243; id=&#8221;&#8221; class=&#8221;bargeo_widget_menu&#8221; style=&#8221;&#8221;][vc_widget_sidebar sidebar_id=&#8221;ups-sidebar-sidebar-menu-home&#8221;][\/vc_column][\/vc_row][vc_row inner_container=&#8221;true&#8221; padding_top=&#8221;0px&#8221; padding_bottom=&#8221;0px&#8221; bg_video=&#8221;&#8221; class=&#8221;&#8221; style=&#8221;&#8221;][vc_column fade_animation_offset=&#8221;45px&#8221; width=&#8221;1\/1&#8243;][vc_row_inner inner_container=&#8221;true&#8221; padding_top=&#8221;0px&#8221; padding_bottom=&#8221;0px&#8221; bg_video=&#8221;&#8221; class=&#8221;&#8221; style=&#8221;&#8221;][vc_column_inner fade_animation_offset=&#8221;45px&#8221; width=&#8221;1\/1&#8243;][\/vc_column_inner][\/vc_row_inner][\/vc_column][\/vc_row][vc_row no_margin=&#8221;true&#8221; padding_top=&#8221;0px&#8221; ... Read More","og_url":"https:\/\/programmeoctave.com\/en\/how-to-register\/","og_site_name":"Octave","article_modified_time":"2016-11-30T10:44:23+00:00","og_image":[{"width":1575,"height":316,"url":"https:\/\/programmeoctave.com\/wp-content\/uploads\/2016\/01\/comment-sinscrire.jpg","type":"image\/jpeg"}],"twitter_card":"summary_large_image","twitter_site":"@ProgrammeOCTAVE","twitter_misc":{"Est. reading time":"2 minutes"},"schema":{"@context":"https:\/\/schema.org","@graph":[{"@type":"WebSite","@id":"https:\/\/programmeoctave.com\/en\/#website","url":"https:\/\/programmeoctave.com\/en\/","name":"Octave","description":"Be yourself and be part of a changing world","potentialAction":[{"@type":"SearchAction","target":{"@type":"EntryPoint","urlTemplate":"https:\/\/programmeoctave.com\/en\/?s={search_term_string}"},"query-input":"required name=search_term_string"}],"inLanguage":"en-US"},{"@type":"ImageObject","@id":"https:\/\/programmeoctave.com\/en\/how-to-register\/#primaryimage","inLanguage":"en-US","url":"https:\/\/programmeoctave.com\/wp-content\/uploads\/2016\/01\/comment-sinscrire.jpg","contentUrl":"https:\/\/programmeoctave.com\/wp-content\/uploads\/2016\/01\/comment-sinscrire.jpg","width":1575,"height":316},{"@type":"WebPage","@id":"https:\/\/programmeoctave.com\/en\/how-to-register\/#webpage","url":"https:\/\/programmeoctave.com\/en\/how-to-register\/","name":"How to register - Octave","isPartOf":{"@id":"https:\/\/programmeoctave.com\/en\/#website"},"primaryImageOfPage":{"@id":"https:\/\/programmeoctave.com\/en\/how-to-register\/#primaryimage"},"datePublished":"2016-01-04T09:47:35+00:00","dateModified":"2016-11-30T10:44:23+00:00","breadcrumb":{"@id":"https:\/\/programmeoctave.com\/en\/how-to-register\/#breadcrumb"},"inLanguage":"en-US","potentialAction":[{"@type":"ReadAction","target":["https:\/\/programmeoctave.com\/en\/how-to-register\/"]}]},{"@type":"BreadcrumbList","@id":"https:\/\/programmeoctave.com\/en\/how-to-register\/#breadcrumb","itemListElement":[{"@type":"ListItem","position":1,"name":"Accueil","item":"https:\/\/programmeoctave.com\/en\/"},{"@type":"ListItem","position":2,"name":"How to register"}]}]}},"_links":{"self":[{"href":"https:\/\/programmeoctave.com\/en\/wp-json\/wp\/v2\/pages\/2223"}],"collection":[{"href":"https:\/\/programmeoctave.com\/en\/wp-json\/wp\/v2\/pages"}],"about":[{"href":"https:\/\/programmeoctave.com\/en\/wp-json\/wp\/v2\/types\/page"}],"author":[{"embeddable":true,"href":"https:\/\/programmeoctave.com\/en\/wp-json\/wp\/v2\/users\/1"}],"replies":[{"embeddable":true,"href":"https:\/\/programmeoctave.com\/en\/wp-json\/wp\/v2\/comments?post=2223"}],"version-history":[{"count":15,"href":"https:\/\/programmeoctave.com\/en\/wp-json\/wp\/v2\/pages\/2223\/revisions"}],"predecessor-version":[{"id":3807,"href":"https:\/\/programmeoctave.com\/en\/wp-json\/wp\/v2\/pages\/2223\/revisions\/3807"}],"wp:featuredmedia":[{"embeddable":true,"href":"https:\/\/programmeoctave.com\/en\/wp-json\/wp\/v2\/media\/1888"}],"wp:attachment":[{"href":"https:\/\/programmeoctave.com\/en\/wp-json\/wp\/v2\/media?parent=2223"}],"curies":[{"name":"wp","href":"https:\/\/api.w.org\/{rel}","templated":true}]}}